{"id":11,"date":"2023-07-26T20:09:52","date_gmt":"2023-07-26T18:09:52","guid":{"rendered":"https:\/\/www.otterbergetscamping.se\/booking\/?page_id=11"},"modified":"2023-07-27T22:55:29","modified_gmt":"2023-07-27T20:55:29","slug":"bookingform","status":"publish","type":"page","link":"https:\/\/www.otterbergetscamping.se\/booking\/","title":{"rendered":"bookingform"},"content":{"rendered":"<p><\/p>\n<h4 style=\"text-align: center;\">Bokningsformul\u00e4r<\/h4>\n<h4 style=\"text-align: center;\">Otterbergets Bad och Camping<\/h4>\n<h4 style=\"text-align: center;\"><\/h4>\n<p>\n<div class=\"wpcf7 no-js\" id=\"wpcf7-f19-o1\" lang=\"sv-SE\" dir=\"ltr\" data-wpcf7-id=\"19\">\n<div class=\"screen-reader-response\"><p role=\"status\" aria-live=\"polite\" aria-atomic=\"true\"><\/p> <ul><\/ul><\/div>\n<form action=\"\/booking\/wp-json\/wp\/v2\/pages\/11#wpcf7-f19-o1\" method=\"post\" class=\"wpcf7-form init\" aria-label=\"Kontaktformul\u00e4r\" novalidate=\"novalidate\" data-status=\"init\">\n<fieldset class=\"hidden-fields-container\"><input type=\"hidden\" name=\"_wpcf7\" value=\"19\" \/><input type=\"hidden\" name=\"_wpcf7_version\" value=\"6.1.5\" \/><input type=\"hidden\" name=\"_wpcf7_locale\" value=\"sv_SE\" \/><input type=\"hidden\" name=\"_wpcf7_unit_tag\" value=\"wpcf7-f19-o1\" \/><input type=\"hidden\" name=\"_wpcf7_container_post\" value=\"0\" \/><input type=\"hidden\" name=\"_wpcf7_posted_data_hash\" value=\"\" \/><input type=\"hidden\" name=\"_wpcf7cf_hidden_group_fields\" value=\"[]\" \/><input type=\"hidden\" name=\"_wpcf7cf_hidden_groups\" value=\"[]\" \/><input type=\"hidden\" name=\"_wpcf7cf_visible_groups\" value=\"[]\" \/><input type=\"hidden\" name=\"_wpcf7cf_repeaters\" value=\"[]\" \/><input type=\"hidden\" name=\"_wpcf7cf_steps\" value=\"{}\" \/><input type=\"hidden\" name=\"_wpcf7cf_options\" value=\"{&quot;form_id&quot;:19,&quot;conditions&quot;:[{&quot;then_field&quot;:&quot;kampeermiddel&quot;,&quot;and_rules&quot;:[{&quot;if_field&quot;:&quot;type-plaats&quot;,&quot;operator&quot;:&quot;equals&quot;,&quot;if_value&quot;:&quot;Campingplatser&quot;}]},{&quot;then_field&quot;:&quot;electriciteitkampeerplaats&quot;,&quot;and_rules&quot;:[{&quot;if_field&quot;:&quot;type-plaats&quot;,&quot;operator&quot;:&quot;equals&quot;,&quot;if_value&quot;:&quot;Campingplatser&quot;}]},{&quot;then_field&quot;:&quot;type-stuga&quot;,&quot;and_rules&quot;:[{&quot;if_field&quot;:&quot;type-plaats&quot;,&quot;operator&quot;:&quot;equals&quot;,&quot;if_value&quot;:&quot;Stuga&quot;}]},{&quot;then_field&quot;:&quot;type-stacaravan&quot;,&quot;and_rules&quot;:[{&quot;if_field&quot;:&quot;type-plaats&quot;,&quot;operator&quot;:&quot;equals&quot;,&quot;if_value&quot;:&quot;Villavagn&quot;}]},{&quot;then_field&quot;:&quot;voorzieningen-accomodatie&quot;,&quot;and_rules&quot;:[{&quot;if_field&quot;:&quot;type-plaats&quot;,&quot;operator&quot;:&quot;equals&quot;,&quot;if_value&quot;:&quot;Stuga&quot;}]},{&quot;then_field&quot;:&quot;voorzieningen-accomodatie&quot;,&quot;and_rules&quot;:[{&quot;if_field&quot;:&quot;type-plaats&quot;,&quot;operator&quot;:&quot;equals&quot;,&quot;if_value&quot;:&quot;Villavagn&quot;}]}],&quot;settings&quot;:{&quot;animation&quot;:&quot;yes&quot;,&quot;animation_intime&quot;:200,&quot;animation_outtime&quot;:200,&quot;conditions_ui&quot;:&quot;normal&quot;,&quot;notice_dismissed&quot;:false}}\" \/><input type=\"hidden\" name=\"_wpcf7_recaptcha_response\" value=\"\" \/>\n<\/fieldset>\n<p>Genom att fylla i detta formul\u00e4r bokar du en vistelse p\u00e5 campingen och du godk\u00e4nner de d\u00e4rtill h\u00f6rande kostnaderna. Om du inte vill g\u00f6ra en bokning, men till exempel har en fr\u00e5ga om tillg\u00e4nglighet, skicka ett mail till <a href=\"mailto:info@otterbergetscamping.se\">info@otterbergetscamping.se<\/a>.\n<\/p>\n<p>F\u00e4lt med * \u00e4r obligatoriska att fylla i.\n<\/p>\n<p><b>Jag anv\u00e4nder det h\u00e4r formul\u00e4ret f\u00f6r*:<\/b>\n<\/p>\n<p><span class=\"wpcf7-form-control-wrap\" data-name=\"type-evenement\"><span class=\"wpcf7-form-control wpcf7-radio\"><span class=\"wpcf7-list-item first\"><input type=\"radio\" name=\"type-evenement\" value=\"ASCI rabattkort\" \/><span class=\"wpcf7-list-item-label\">ASCI rabattkort<\/span><\/span><span class=\"wpcf7-list-item\"><input type=\"radio\" name=\"type-evenement\" value=\"Durspelfestival\" \/><span class=\"wpcf7-list-item-label\">Durspelfestival<\/span><\/span><span class=\"wpcf7-list-item\"><input type=\"radio\" name=\"type-evenement\" value=\"Skivm\u00e4ssa\" \/><span class=\"wpcf7-list-item-label\">Skivm\u00e4ssa<\/span><\/span><span class=\"wpcf7-list-item last\"><input type=\"radio\" name=\"type-evenement\" value=\"Dragspelsst\u00e4mma\" \/><span class=\"wpcf7-list-item-label\">Dragspelsst\u00e4mma<\/span><\/span><\/span><\/span>\n<\/p>\n<p><b>Jag skulle vilja beg\u00e4ra en reservation f\u00f6r*:<\/b>\n<\/p>\n<p><span class=\"wpcf7-form-control-wrap\" data-name=\"type-plaats\"><span class=\"wpcf7-form-control wpcf7-radio\"><span class=\"wpcf7-list-item first\"><input type=\"radio\" name=\"type-plaats\" value=\"Campingplatser\" \/><span class=\"wpcf7-list-item-label\">Campingplatser<\/span><\/span><span class=\"wpcf7-list-item\"><input type=\"radio\" name=\"type-plaats\" value=\"Stuga\" \/><span class=\"wpcf7-list-item-label\">Stuga<\/span><\/span><span class=\"wpcf7-list-item last\"><input type=\"radio\" name=\"type-plaats\" value=\"Villavagn\" \/><span class=\"wpcf7-list-item-label\">Villavagn<\/span><\/span><\/span><\/span>\n<\/p>\n<div data-id=\"kampeermiddel\" data-orig_data_id=\"kampeermiddel\" data-clear_on_hide class=\"\" data-class=\"wpcf7cf_group\">\n\t<p>V\u00e4lj campingutrustning*:<br \/>\n<span class=\"wpcf7-form-control-wrap\" data-name=\"kampeermiddel\"><select class=\"wpcf7-form-control wpcf7-select wpcf7-validates-as-required\" aria-required=\"true\" aria-invalid=\"false\" name=\"kampeermiddel\"><option value=\"\">\u2013 V\u00e4lj ett alternativ \u2013<\/option><option value=\"T\u00e4lt\">T\u00e4lt<\/option><option value=\"Husvagn\">Husvagn<\/option><option value=\"Husbil\">Husbil<\/option><option value=\"T\u00e4ltvagn\">T\u00e4ltvagn<\/option><\/select><\/span>\n\t<\/p>\n<\/div>\n<div data-id=\"electriciteitkampeerplaats\" data-orig_data_id=\"electriciteitkampeerplaats\" data-clear_on_hide class=\"\" data-class=\"wpcf7cf_group\">\n\t<p>V\u00e4lj el*:<br \/>\n<span class=\"wpcf7-form-control-wrap\" data-name=\"electriciteitcaravanplaats\"><select class=\"wpcf7-form-control wpcf7-select wpcf7-validates-as-required\" aria-required=\"true\" aria-invalid=\"false\" name=\"electriciteitcaravanplaats\"><option value=\"\">\u2013 V\u00e4lj ett alternativ \u2013<\/option><option value=\"Ja\">Ja<\/option><option value=\"Nej\">Nej<\/option><\/select><\/span>\n\t<\/p>\n<\/div>\n<div data-id=\"type-stuga\" data-orig_data_id=\"type-stuga\" data-clear_on_hide class=\"\" data-class=\"wpcf7cf_group\">\n\t<p>V\u00e4lj en stuga*:<br \/>\n<span class=\"wpcf7-form-control-wrap\" data-name=\"type-stuga\"><select class=\"wpcf7-form-control wpcf7-select wpcf7-validates-as-required\" aria-required=\"true\" aria-invalid=\"false\" name=\"type-stuga\"><option value=\"\">\u2013 V\u00e4lj ett alternativ \u2013<\/option><option value=\"2 pers\">2 pers<\/option><option value=\"3 pers\">3 pers<\/option><option value=\"4 pers\">4 pers<\/option><option value=\"stor stuga (4-5 pers)\">stor stuga (4-5 pers)<\/option><\/select><\/span>\n\t<\/p>\n<\/div>\n<div data-id=\"type-stacaravan\" data-orig_data_id=\"type-stacaravan\" data-clear_on_hide class=\"\" data-class=\"wpcf7cf_group\">\n\t<p>V\u00e4lj villavagn*:<br \/>\n<span class=\"wpcf7-form-control-wrap\" data-name=\"type-stacaravan\"><select class=\"wpcf7-form-control wpcf7-select wpcf7-validates-as-required\" aria-required=\"true\" aria-invalid=\"false\" name=\"type-stacaravan\"><option value=\"\">\u2013 V\u00e4lj ett alternativ \u2013<\/option><option value=\"villavagn 1\">villavagn 1<\/option><option value=\"villavagn 2\">villavagn 2<\/option><option value=\"villavagn 3\">villavagn 3<\/option><\/select><\/span>\n\t<\/p>\n<\/div>\n<div data-id=\"voorzieningen-accomodatie\" data-orig_data_id=\"voorzieningen-accomodatie\" data-clear_on_hide class=\"\" data-class=\"wpcf7cf_group\">\n\t<p><b>Service (om ni bokar boende):<\/b>\n\t<\/p>\n\t<p>Slutst\u00e4dning \u00f6nskas*:<br \/>\n<span class=\"wpcf7-form-control-wrap\" data-name=\"eindschoonmaak\"><select class=\"wpcf7-form-control wpcf7-select wpcf7-validates-as-required\" aria-required=\"true\" aria-invalid=\"false\" name=\"eindschoonmaak\"><option value=\"\">\u2013 V\u00e4lj ett alternativ \u2013<\/option><option value=\"Ja\">Ja<\/option><option value=\"Nej\">Nej<\/option><\/select><\/span>\n\t<\/p>\n\t<p>Linne \u00f6nskas*:<br \/>\n<span class=\"wpcf7-form-control-wrap\" data-name=\"linnengoed-pakket\"><select class=\"wpcf7-form-control wpcf7-select wpcf7-validates-as-required\" aria-required=\"true\" aria-invalid=\"false\" name=\"linnengoed-pakket\"><option value=\"\">\u2013 V\u00e4lj ett alternativ \u2013<\/option><option value=\"Inget paket\">Inget paket<\/option><option value=\"Endast lakan\">Endast lakan<\/option><option value=\"Lakan och handdukar\">Lakan och handdukar<\/option><\/select><\/span>\n\t<\/p>\n<\/div>\n<p><b>Antal personer\/husdjur:<\/b>\n<\/p>\n<table style=\"width: 95%;\">\n\t<tr>\n\t\t<td>\n\t\t\t<p>Vuxna\n\t\t\t<\/p>\n\t\t<\/td>\n\t\t<td>\n\t\t\t<p><span class=\"wpcf7-form-control-wrap\" data-name=\"volwassenen\"><input size=\"3\" maxlength=\"3\" class=\"wpcf7-form-control wpcf7-text\" aria-invalid=\"false\" value=\"0\" type=\"text\" name=\"volwassenen\" \/><\/span>\n\t\t\t<\/p>\n\t\t<\/td>\n\t<\/tr>\n\t<tr>\n\t\t<td>\n\t\t\t<p>Barn i \u00e5ldern 0-3 \u00e5r\n\t\t\t<\/p>\n\t\t<\/td>\n\t\t<td>\n\t\t\t<p><span class=\"wpcf7-form-control-wrap\" data-name=\"kinderen0-3\"><input size=\"3\" maxlength=\"3\" class=\"wpcf7-form-control wpcf7-text\" aria-invalid=\"false\" value=\"0\" type=\"text\" name=\"kinderen0-3\" \/><\/span>\n\t\t\t<\/p>\n\t\t<\/td>\n\t<\/tr>\n\t<tr>\n\t\t<td>\n\t\t\t<p>Barn i \u00e5ldern 4-7 \u00e5r\n\t\t\t<\/p>\n\t\t<\/td>\n\t\t<td>\n\t\t\t<p><span class=\"wpcf7-form-control-wrap\" data-name=\"kinderen4-7\"><input size=\"3\" maxlength=\"3\" class=\"wpcf7-form-control wpcf7-text\" aria-invalid=\"false\" value=\"0\" type=\"text\" name=\"kinderen4-7\" \/><\/span>\n\t\t\t<\/p>\n\t\t<\/td>\n\t<\/tr>\n\t<tr>\n\t\t<td>\n\t\t\t<p>Barn i \u00e5ldern 8-12 \u00e5r\n\t\t\t<\/p>\n\t\t<\/td>\n\t\t<td>\n\t\t\t<p><span class=\"wpcf7-form-control-wrap\" data-name=\"kinderen8-12\"><input size=\"3\" maxlength=\"3\" class=\"wpcf7-form-control wpcf7-text\" aria-invalid=\"false\" value=\"0\" type=\"text\" name=\"kinderen8-12\" \/><\/span>\n\t\t\t<\/p>\n\t\t<\/td>\n\t<\/tr>\n\t<tr>\n\t\t<td>\n\t\t\t<p>Barn i \u00e5ldern 13-17 \u00e5r\n\t\t\t<\/p>\n\t\t<\/td>\n\t\t<td>\n\t\t\t<p><span class=\"wpcf7-form-control-wrap\" data-name=\"kinderen13-17\"><input size=\"3\" maxlength=\"3\" class=\"wpcf7-form-control wpcf7-text\" aria-invalid=\"false\" value=\"0\" type=\"text\" name=\"kinderen13-17\" \/><\/span>\n\t\t\t<\/p>\n\t\t<\/td>\n\t<\/tr>\n\t<tr>\n\t\t<td>\n\t\t\t<p>Huisdieren\n\t\t\t<\/p>\n\t\t<\/td>\n\t\t<td>\n\t\t\t<p><span class=\"wpcf7-form-control-wrap\" data-name=\"huisdieren\"><input size=\"3\" maxlength=\"3\" class=\"wpcf7-form-control wpcf7-text\" aria-invalid=\"false\" value=\"0\" type=\"text\" name=\"huisdieren\" \/><\/span>\n\t\t\t<\/p>\n\t\t<\/td>\n\t<\/tr>\n<\/table>\n<p><b>Period:<\/b>\n<\/p>\n<table class=\"data\" style=\"width: 95%;\">\n\t<tr>\n\t\t<td>\n\t\t\t<p>Ankomstdag:\n\t\t\t<\/p>\n\t\t<\/td>\n\t\t<td>\n\t\t\t<p><span class=\"wpcf7-form-control-wrap\" data-name=\"aankomstdag\"><select class=\"wpcf7-form-control wpcf7-select\" aria-invalid=\"false\" name=\"aankomstdag\"><option value=\"-dag-\">-dag-<\/option><option value=\"1\">1<\/option><option value=\"2\">2<\/option><option value=\"3\">3<\/option><option value=\"4\">4<\/option><option value=\"5\">5<\/option><option value=\"6\">6<\/option><option value=\"7\">7<\/option><option value=\"8\">8<\/option><option value=\"9\">9<\/option><option value=\"10\">10<\/option><option value=\"11\">11<\/option><option value=\"12\">12<\/option><option value=\"13\">13<\/option><option value=\"14\">14<\/option><option value=\"15\">15<\/option><option value=\"16\">16<\/option><option value=\"17\">17<\/option><option value=\"18\">18<\/option><option value=\"19\">19<\/option><option value=\"20\">20<\/option><option value=\"21\">21<\/option><option value=\"22\">22<\/option><option value=\"23\">23<\/option><option value=\"24\">24<\/option><option value=\"25\">25<\/option><option value=\"26\">26<\/option><option value=\"27\">27<\/option><option value=\"28\">28<\/option><option value=\"29\">29<\/option><option value=\"30\">30<\/option><option value=\"31\">31<\/option><\/select><\/span>\n\t\t\t<\/p>\n\t\t<\/td>\n\t\t<td>\n\t\t\t<p><span class=\"wpcf7-form-control-wrap\" data-name=\"aankomstmaand\"><select class=\"wpcf7-form-control wpcf7-select\" aria-invalid=\"false\" name=\"aankomstmaand\"><option value=\"-m\u00e5nad-\">-m\u00e5nad-<\/option><option value=\"april\">april<\/option><option value=\"maj\">maj<\/option><option value=\"juni\">juni<\/option><option value=\"juli\">juli<\/option><option value=\"augusti\">augusti<\/option><option value=\"september\">september<\/option><option value=\"oktober\">oktober<\/option><\/select><\/span>\n\t\t\t<\/p>\n\t\t<\/td>\n\t\t<td>\n\t\t\t<p><span class=\"wpcf7-form-control-wrap\" data-name=\"aankomstjaar\"><select class=\"wpcf7-form-control wpcf7-select\" aria-invalid=\"false\" name=\"aankomstjaar\"><option value=\"-\u00e5r-\">-\u00e5r-<\/option><option value=\"2025\">2025<\/option><option value=\"2026\">2026<\/option><option value=\"2027\">2027<\/option><\/select><\/span>\n\t\t\t<\/p>\n\t\t<\/td>\n\t<\/tr>\n\t<tr>\n\t\t<td>\n\t\t\t<p>Avresedag:\n\t\t\t<\/p>\n\t\t<\/td>\n\t\t<td>\n\t\t\t<p><span class=\"wpcf7-form-control-wrap\" data-name=\"vertrekdag\"><select class=\"wpcf7-form-control wpcf7-select\" aria-invalid=\"false\" name=\"vertrekdag\"><option value=\"-dag-\">-dag-<\/option><option value=\"1\">1<\/option><option value=\"2\">2<\/option><option value=\"3\">3<\/option><option value=\"4\">4<\/option><option value=\"5\">5<\/option><option value=\"6\">6<\/option><option value=\"7\">7<\/option><option value=\"8\">8<\/option><option value=\"9\">9<\/option><option value=\"10\">10<\/option><option value=\"11\">11<\/option><option value=\"12\">12<\/option><option value=\"13\">13<\/option><option value=\"14\">14<\/option><option value=\"15\">15<\/option><option value=\"16\">16<\/option><option value=\"17\">17<\/option><option value=\"18\">18<\/option><option value=\"19\">19<\/option><option value=\"20\">20<\/option><option value=\"21\">21<\/option><option value=\"22\">22<\/option><option value=\"23\">23<\/option><option value=\"24\">24<\/option><option value=\"25\">25<\/option><option value=\"26\">26<\/option><option value=\"27\">27<\/option><option value=\"28\">28<\/option><option value=\"29\">29<\/option><option value=\"30\">30<\/option><option value=\"31\">31<\/option><\/select><\/span>\n\t\t\t<\/p>\n\t\t<\/td>\n\t\t<td>\n\t\t\t<p><span class=\"wpcf7-form-control-wrap\" data-name=\"vertrekmaand\"><select class=\"wpcf7-form-control wpcf7-select\" aria-invalid=\"false\" name=\"vertrekmaand\"><option value=\"-m\u00e5nad-\">-m\u00e5nad-<\/option><option value=\"april\">april<\/option><option value=\"maj\">maj<\/option><option value=\"juni\">juni<\/option><option value=\"juli\">juli<\/option><option value=\"augusti\">augusti<\/option><option value=\"september\">september<\/option><option value=\"oktober\">oktober<\/option><\/select><\/span>\n\t\t\t<\/p>\n\t\t<\/td>\n\t\t<td>\n\t\t<\/td>\n\t<\/tr>\n<\/table>\n<p><b>Dina uppgifter:<\/b>\n<\/p>\n<table style=\"width: 95%;\">\n\t<tr>\n\t\t<td>\n\t\t\t<p>H\u00e4lsning:\n\t\t\t<\/p>\n\t\t<\/td>\n\t\t<td>\n\t\t\t<p><span class=\"wpcf7-form-control-wrap\" data-name=\"aanhef\"><span class=\"wpcf7-form-control wpcf7-radio\"><span class=\"wpcf7-list-item first\"><input type=\"radio\" name=\"aanhef\" value=\"herr\" \/><span class=\"wpcf7-list-item-label\">herr<\/span><\/span><span class=\"wpcf7-list-item last\"><input type=\"radio\" name=\"aanhef\" value=\"fru\" \/><span class=\"wpcf7-list-item-label\">fru<\/span><\/span><\/span><\/span>\n\t\t\t<\/p>\n\t\t<\/td>\n\t<\/tr>\n\t<tr>\n\t\t<td>\n\t\t\t<p>F\u00f6rnamn och efternamn*:\n\t\t\t<\/p>\n\t\t<\/td>\n\t\t<td>\n\t\t\t<p><span class=\"wpcf7-form-control-wrap\" data-name=\"naam\"><input size=\"40\" maxlength=\"100\" class=\"wpcf7-form-control wpcf7-text wpcf7-validates-as-required\" aria-required=\"true\" aria-invalid=\"false\" value=\"\" type=\"text\" name=\"naam\" \/><\/span>\n\t\t\t<\/p>\n\t\t<\/td>\n\t<\/tr>\n\t<tr>\n\t\t<td>\n\t\t\t<p>Gatuadress*:\n\t\t\t<\/p>\n\t\t<\/td>\n\t\t<td>\n\t\t\t<p><span class=\"wpcf7-form-control-wrap\" data-name=\"straat\"><input size=\"40\" maxlength=\"100\" class=\"wpcf7-form-control wpcf7-text wpcf7-validates-as-required\" aria-required=\"true\" aria-invalid=\"false\" value=\"\" type=\"text\" name=\"straat\" \/><\/span>\n\t\t\t<\/p>\n\t\t<\/td>\n\t<\/tr>\n\t<tr>\n\t\t<td>\n\t\t\t<p>Postnummer*:\n\t\t\t<\/p>\n\t\t<\/td>\n\t\t<td>\n\t\t\t<p><span class=\"wpcf7-form-control-wrap\" data-name=\"postcode\"><input size=\"40\" maxlength=\"10\" class=\"wpcf7-form-control wpcf7-text wpcf7-validates-as-required\" aria-required=\"true\" aria-invalid=\"false\" value=\"\" type=\"text\" name=\"postcode\" \/><\/span>\n\t\t\t<\/p>\n\t\t<\/td>\n\t<\/tr>\n\t<tr>\n\t\t<td>\n\t\t\t<p>Bostadsort*:\n\t\t\t<\/p>\n\t\t<\/td>\n\t\t<td>\n\t\t\t<p><span class=\"wpcf7-form-control-wrap\" data-name=\"woonplaats\"><input size=\"40\" maxlength=\"100\" class=\"wpcf7-form-control wpcf7-text wpcf7-validates-as-required\" aria-required=\"true\" aria-invalid=\"false\" value=\"\" type=\"text\" name=\"woonplaats\" \/><\/span>\n\t\t\t<\/p>\n\t\t<\/td>\n\t<\/tr>\n\t<tr>\n\t\t<td>\n\t\t\t<p>Land*:\n\t\t\t<\/p>\n\t\t<\/td>\n\t\t<td>\n\t\t\t<p><span class=\"wpcf7-form-control-wrap\" data-name=\"land\"><input size=\"40\" maxlength=\"100\" class=\"wpcf7-form-control wpcf7-text wpcf7-validates-as-required\" aria-required=\"true\" aria-invalid=\"false\" value=\"\" type=\"text\" name=\"land\" \/><\/span>\n\t\t\t<\/p>\n\t\t<\/td>\n\t<\/tr>\n\t<tr>\n\t\t<td>\n\t\t\t<p>Telefonnummer*:\n\t\t\t<\/p>\n\t\t<\/td>\n\t\t<td>\n\t\t\t<p><span class=\"wpcf7-form-control-wrap\" data-name=\"telefoon\"><input size=\"40\" maxlength=\"20\" class=\"wpcf7-form-control wpcf7-text wpcf7-validates-as-required\" aria-required=\"true\" aria-invalid=\"false\" value=\"\" type=\"text\" name=\"telefoon\" \/><\/span>\n\t\t\t<\/p>\n\t\t<\/td>\n\t<\/tr>\n\t<tr>\n\t\t<td>\n\t\t\t<p>E-post*:\n\t\t\t<\/p>\n\t\t<\/td>\n\t\t<td>\n\t\t\t<p><span class=\"wpcf7-form-control-wrap\" data-name=\"email\"><input size=\"40\" maxlength=\"400\" class=\"wpcf7-form-control wpcf7-email wpcf7-validates-as-required wpcf7-text wpcf7-validates-as-email\" aria-required=\"true\" aria-invalid=\"false\" value=\"\" type=\"email\" name=\"email\" \/><\/span>\n\t\t\t<\/p>\n\t\t<\/td>\n\t<\/tr>\n<\/table>\n<p><b>\u00d6vriga upplysninga till din bokning:<\/b>\n<\/p>\n<p>(Om du inte vill g\u00f6ra en bokning, men till exempel har en fr\u00e5ga om tillg\u00e4nglighet, skicka ett mail till <a href=\"mailto:info@otterbergetscamping.se\">info@otterbergetscamping.se<\/a>.)\n<\/p>\n<p><span class=\"wpcf7-form-control-wrap\" data-name=\"opmerkingen\"><textarea cols=\"40\" rows=\"10\" maxlength=\"2000\" class=\"wpcf7-form-control wpcf7-textarea\" aria-invalid=\"false\" name=\"opmerkingen\"><\/textarea><\/span>\n<\/p>\n<p>Klicka p\u00e5 Skicka nedan f\u00f6r att slutf\u00f6ra din beg\u00e4ran. Efter att ha skickat f\u00e5r du en leveransbekr\u00e4ftelse inom n\u00e5gra minuter till din brevl\u00e5da. D\u00e4rf\u00f6r nu Kontrollera igen den f\u00e4rdiga email.\n<\/p>\n<p><b>N\u00e4r du klickar p\u00e5 \"Skicka\" bokar du en vistelse p\u00e5 campingen och du godk\u00e4nner de d\u00e4rtill h\u00f6rande kostnaderna.<\/b> Ocks\u00e5 godk\u00e4nner du <a href=\"https:\/\/otterbergetscamping.se\/info-och-kontakt\/bokningsvillkor\/\" target=\"_blank\">Bokningsvillkor och integritetspolitik f\u00f6r Otterbergets Bad och Camping<\/a>.\n<\/p>\n<p><input class=\"wpcf7-form-control wpcf7-submit has-spinner\" type=\"submit\" value=\"Skicka\" \/>\n<\/p><div class=\"wpcf7-response-output\" aria-hidden=\"true\"><\/div>\n<\/form>\n<\/div>\n<\/p>","protected":false},"excerpt":{"rendered":"<p>Bokningsformul\u00e4r Otterbergets Bad och Camping<\/p>\n <a class=\"more-link\" href=\"https:\/\/www.otterbergetscamping.se\/booking\/\"><span class=\"more-msg\">L\u00e4s mer &rarr;<\/span><\/a>","protected":false},"author":1,"featured_media":0,"parent":0,"menu_order":0,"comment_status":"closed","ping_status":"closed","template":"","meta":{"footnotes":""},"class_list":["post-11","page","type-page","status-publish","hentry"],"_links":{"self":[{"href":"https:\/\/www.otterbergetscamping.se\/booking\/wp-json\/wp\/v2\/pages\/11","targetHints":{"allow":["GET"]}}],"collection":[{"href":"https:\/\/www.otterbergetscamping.se\/booking\/wp-json\/wp\/v2\/pages"}],"about":[{"href":"https:\/\/www.otterbergetscamping.se\/booking\/wp-json\/wp\/v2\/types\/page"}],"author":[{"embeddable":true,"href":"https:\/\/www.otterbergetscamping.se\/booking\/wp-json\/wp\/v2\/users\/1"}],"replies":[{"embeddable":true,"href":"https:\/\/www.otterbergetscamping.se\/booking\/wp-json\/wp\/v2\/comments?post=11"}],"version-history":[{"count":6,"href":"https:\/\/www.otterbergetscamping.se\/booking\/wp-json\/wp\/v2\/pages\/11\/revisions"}],"predecessor-version":[{"id":43,"href":"https:\/\/www.otterbergetscamping.se\/booking\/wp-json\/wp\/v2\/pages\/11\/revisions\/43"}],"wp:attachment":[{"href":"https:\/\/www.otterbergetscamping.se\/booking\/wp-json\/wp\/v2\/media?parent=11"}],"curies":[{"name":"wp","href":"https:\/\/api.w.org\/{rel}","templated":true}]}}